{"id":342,"date":"2024-03-11T14:00:51","date_gmt":"2024-03-11T12:00:51","guid":{"rendered":"https:\/\/rechh.de\/?page_id=342"},"modified":"2024-03-11T16:34:56","modified_gmt":"2024-03-11T14:34:56","slug":"startseite","status":"publish","type":"page","link":"https:\/\/rechh.de\/","title":{"rendered":"Startseite"},"content":{"rendered":"\t\t<div data-elementor-type=\"wp-page\" data-elementor-id=\"342\" class=\"elementor elementor-342\" data-elementor-post-type=\"page\">\n\t\t\t\t\t\t<section class=\"elementor-section elementor-top-section elementor-element elementor-element-f0d6a5a elementor-section-boxed elementor-section-height-default elementor-section-height-default\" data-id=\"f0d6a5a\" data-element_type=\"section\" data-e-type=\"section\">\n\t\t\t\t\t\t<div class=\"elementor-container elementor-column-gap-default\">\n\t\t\t\t\t<div class=\"elementor-column elementor-col-100 elementor-top-column elementor-element elementor-element-5b9e09d\" data-id=\"5b9e09d\" data-element_type=\"column\" data-e-type=\"column\">\n\t\t\t<div class=\"elementor-widget-wrap elementor-element-populated\">\n\t\t\t\t\t\t<div class=\"elementor-element elementor-element-9777ae7 elementor-widget elementor-widget-heading\" data-id=\"9777ae7\" data-element_type=\"widget\" data-e-type=\"widget\" data-widget_type=\"heading.default\">\n\t\t\t\t<div class=\"elementor-widget-container\">\n\t\t\t\t\t<h2 class=\"elementor-heading-title elementor-size-default\">F\u00f6rderverein des Rotary E-Club Hamburg-Connect<\/h2>\t\t\t\t<\/div>\n\t\t\t\t<\/div>\n\t\t\t\t<div class=\"elementor-element elementor-element-01d95e9 elementor-widget elementor-widget-text-editor\" data-id=\"01d95e9\" data-element_type=\"widget\" data-e-type=\"widget\" data-widget_type=\"text-editor.default\">\n\t\t\t\t<div class=\"elementor-widget-container\">\n\t\t\t\t\t\t\t\t\t<p>Rotary International ist eine weltweite Vereinigung von berufst\u00e4tigen M\u00e4nnern und Frauen. Von ihren Mitgliedern werden herausragende berufliche Leistungen, pers\u00f6nliche Integrit\u00e4t, Weltoffenheit und die Bereitschaft zu gemeinn\u00fctzigem Engagement erwartet. Toleranz gegen\u00fcber allen V\u00f6lkern, Religionen, Lebensformen und demokratischen Parteien ist f\u00fcr Rotarier oberstes Gebot. Unser Rotary E-Club Hamburg-Connect wurde am 09. Mai 2015 von 23 Gr\u00fcndungsmitgliedern, damals noch unter dem Namen Rotary E-Club Hanse D1940, gegr\u00fcndet und m\u00f6chte insbesondere Menschen, die sich sozial und gesellschaftlich engagieren und gleichzeitig ihre Familien- und Karriereplanung vorantreiben wollen, eine rotarische Heimat bieten. Unsere 36 Mitglieder haben insgesamt 51 Kinder mit einem Durchschnittsalter von 8 Jahren.<\/p><p><span style=\"color: var( --e-global-color-text ); font-family: var( --e-global-typography-primary-font-family ); font-size: var( --e-global-typography-primary-font-size ); font-weight: var( --e-global-typography-primary-font-weight );\">Vor diesem Hintergrund unterst\u00fctzen wir insbesondere Kinder und Jugendliche, die nicht in einem so beh\u00fcteten Umfeld aufwachsen oder besonderen Herausforderungen oder Gefahren ausgesetzt sind.<\/span><\/p>\t\t\t\t\t\t\t\t<\/div>\n\t\t\t\t<\/div>\n\t\t\t\t\t<\/div>\n\t\t<\/div>\n\t\t\t\t\t<\/div>\n\t\t<\/section>\n\t\t\t\t<\/div>\n\t\t","protected":false},"excerpt":{"rendered":"<p>F\u00f6rderverein des Rotary E-Club Hamburg-Connect Rotary International ist eine weltweite Vereinigung von berufst\u00e4tigen M\u00e4nnern und Frauen. Von ihren Mitgliedern werden herausragende berufliche Leistungen, pers\u00f6nliche Integrit\u00e4t, Weltoffenheit und die Bereitschaft zu gemeinn\u00fctzigem Engagement erwartet. Toleranz gegen\u00fcber allen V\u00f6lkern, Religionen, Lebensformen und demokratischen Parteien ist f\u00fcr Rotarier oberstes Gebot. Unser Rotary E-Club Hamburg-Connect wurde am 09. Mai [&hellip;]<\/p>\n","protected":false},"author":1,"featured_media":0,"parent":0,"menu_order":0,"comment_status":"closed","ping_status":"closed","template":"","meta":{"footnotes":""},"class_list":["post-342","page","type-page","status-publish","hentry"],"_links":{"self":[{"href":"https:\/\/rechh.de\/index.php?rest_route=\/wp\/v2\/pages\/342","targetHints":{"allow":["GET"]}}],"collection":[{"href":"https:\/\/rechh.de\/index.php?rest_route=\/wp\/v2\/pages"}],"about":[{"href":"https:\/\/rechh.de\/index.php?rest_route=\/wp\/v2\/types\/page"}],"author":[{"embeddable":true,"href":"https:\/\/rechh.de\/index.php?rest_route=\/wp\/v2\/users\/1"}],"replies":[{"embeddable":true,"href":"https:\/\/rechh.de\/index.php?rest_route=%2Fwp%2Fv2%2Fcomments&post=342"}],"version-history":[{"count":14,"href":"https:\/\/rechh.de\/index.php?rest_route=\/wp\/v2\/pages\/342\/revisions"}],"predecessor-version":[{"id":419,"href":"https:\/\/rechh.de\/index.php?rest_route=\/wp\/v2\/pages\/342\/revisions\/419"}],"wp:attachment":[{"href":"https:\/\/rechh.de\/index.php?rest_route=%2Fwp%2Fv2%2Fmedia&parent=342"}],"curies":[{"name":"wp","href":"https:\/\/api.w.org\/{rel}","templated":true}]}}